{"id":668,"date":"2017-02-02T15:18:55","date_gmt":"2017-02-02T15:18:55","guid":{"rendered":"http:\/\/test.kriesi.at\/enfold-2017\/?page_id=668"},"modified":"2020-08-15T14:04:56","modified_gmt":"2020-08-15T14:04:56","slug":"coming-soon-page","status":"publish","type":"page","link":"https:\/\/www.chateau-ludique.fr\/","title":{"rendered":"Ch\u00e2teau Ludique &#8211; Animations m\u00e9di\u00e9vales &#8211; Jeux en bois &#8211; D\u00e9cors de ch\u00e2teau g\u00e9ant"},"content":{"rendered":"<div id='av_section_1'  class='avia-section main_color avia-section-large avia-no-border-styling  avia-full-stretch av-section-color-overlay-active avia-bg-style-fixed  avia-builder-el-0  avia-builder-el-no-sibling   av-minimum-height av-minimum-height-100  container_wrap sidebar_right' style='background-repeat: no-repeat; background-image: url(https:\/\/www.chateau-ludique.fr\/wp-content\/uploads\/2020\/08\/wsi-imageoptim-chateau-ludique-300x224.jpg);background-attachment: fixed; background-position: center center;  '  data-section-bg-repeat='stretch' data-av_minimum_height_pc='100'><div class='av-section-color-overlay-wrap'><div class='av-section-color-overlay' style='opacity: 0.7; background-color: #c2715f; '><\/div><div class='container' ><main  role=\"main\" itemprop=\"mainContentOfPage\"  class='template-page content  av-content-small alpha units'><div class='post-entry post-entry-type-page post-entry-668'><div class='entry-content-wrapper clearfix'>\n<div class=\"flex_column av_one_fifth  flex_column_div first  avia-builder-el-1  el_before_av_three_fifth  avia-builder-el-first  \" ><\/div><div class=\"flex_column av_three_fifth  flex_column_div av-zero-column-padding   avia-builder-el-2  el_after_av_one_fifth  el_before_av_one_fifth  \" style='border-radius:0px; '><p><div  class='avia-image-container avia_animated_image avia_animate_when_almost_visible pop-up av-styling-no-styling    avia-builder-el-3  el_before_av_heading  avia-builder-el-first  avia-align-center '  itemprop=\"image\" itemscope=\"itemscope\" itemtype=\"https:\/\/schema.org\/ImageObject\"  ><div class='avia-image-container-inner'><div class='avia-image-overlay-wrap'><img class='wp-image-3160 avia-img-lazy-loading-not-3160 avia_image' src='https:\/\/www.chateau-ludique.fr\/wp-content\/uploads\/2020\/08\/wsi-imageoptim-logo-chateau-ludique-300x86.png' alt='' title='logo-chateau-ludique' height=\"86\" width=\"300\"  itemprop=\"thumbnailUrl\"  \/><\/div><\/div><\/div><br \/>\n<div  style='padding-bottom:10px; color:#ffffff;font-size:44px;' class='av-special-heading av-special-heading-h1 custom-color-heading blockquote modern-quote modern-centered  avia-builder-el-4  el_after_av_image  el_before_av_textblock  av-inherit-size '><h1 class='av-special-heading-tag '  itemprop=\"headline\"  >Animations M\u00e9di\u00e9vales <span class='special_amp'>&amp;<\/span> Ch\u00e2teau G\u00e9ant en bois<\/h1><div class='special-heading-border'><div class='special-heading-inner-border' style='border-color:#ffffff'><\/div><\/div><\/div><br \/>\n<section class=\"av_textblock_section \"  itemscope=\"itemscope\" itemtype=\"https:\/\/schema.org\/CreativeWork\" ><div class='avia_textblock  av_inherit_color '  style='color:#ffffff; '  itemprop=\"text\" ><p>Depuis pr\u00e8s de 10 ans, l&rsquo;\u00e9quipe du Ch\u00e2teau Ludique anime Festivals et F\u00eates m\u00e9di\u00e9vales, partout en France. Nous ajoutons une dimension Gigantesque avec son Ch\u00e2teau en bois G\u00e9ant de 25m2 !<\/p>\n<p>Encadr\u00e9 par des professionnels, nous disposons de solutions pour des animations d\u00e8s 3ans, des interactions ludiques et s\u00e9curis\u00e9s tels que combat \u00e0 l&rsquo;\u00e9p\u00e9e&#8230; en mousse, tir \u00e0 l&rsquo;arbal\u00e8te&#8230; \u00e0 bouchon, la d\u00e9couverte de jeux traditionnels en bois oubli\u00e9s, ou encore les spectacles vivants avec contes et chants, le tout dans un environnement immersif et soign\u00e9.<\/p>\n<\/div><\/section><br \/>\n<div  class='avia-gallery  avia-gallery-1 avia_lazyload avia-gallery-animate avia_animate_when_visible  avia-builder-el-6  el_after_av_textblock  avia-builder-el-last '  itemprop=\"image\" itemscope=\"itemscope\" itemtype=\"https:\/\/schema.org\/ImageObject\" ><div class='avia-gallery-thumb'> <a href='https:\/\/www.chateau-ludique.fr\/wp-content\/uploads\/2020\/08\/wsi-imageoptim-animations-medievales.jpg' data-rel='gallery-1' data-prev-img='https:\/\/www.chateau-ludique.fr\/wp-content\/uploads\/2020\/08\/wsi-imageoptim-animations-medievales-495x400.jpg' class='first_thumb lightbox ' data-onclick='1' title='Animations M\u00e9di\u00e9vales'  itemprop=\"thumbnailUrl\"  ><img class=\"wp-image-3163 avia-img-lazy-loading-not-3163\"  data-avia-tooltip='Animations M\u00e9di\u00e9vales' src='https:\/\/www.chateau-ludique.fr\/wp-content\/uploads\/2020\/08\/wsi-imageoptim-animations-medievales.jpg' width='800' height='600'  title='animations-medievales' alt='' \/><\/a> <a href='https:\/\/www.chateau-ludique.fr\/wp-content\/uploads\/2020\/08\/wsi-imageoptim-chateaulabyrinthe-3.jpg' data-rel='gallery-1' data-prev-img='https:\/\/www.chateau-ludique.fr\/wp-content\/uploads\/2020\/08\/wsi-imageoptim-chateaulabyrinthe-3-495x400.jpg' class='lightbox ' data-onclick='2' title='Ch\u00e2teau &#038; Labyrinthe'  itemprop=\"thumbnailUrl\"  ><img class=\"wp-image-3165 avia-img-lazy-loading-not-3165\"  data-avia-tooltip='Ch\u00e2teau &#038; Labyrinthe' src='https:\/\/www.chateau-ludique.fr\/wp-content\/uploads\/2020\/08\/wsi-imageoptim-chateaulabyrinthe-3.jpg' width='800' height='600'  title='chateau+labyrinthe-3' alt='' \/><\/a> <a href='https:\/\/www.chateau-ludique.fr\/wp-content\/uploads\/2020\/08\/wsi-imageoptim-conteschateau.jpg' data-rel='gallery-1' data-prev-img='https:\/\/www.chateau-ludique.fr\/wp-content\/uploads\/2020\/08\/wsi-imageoptim-conteschateau-495x400.jpg' class='lightbox ' data-onclick='3' title='Contes &#038; Spectacles'  itemprop=\"thumbnailUrl\"  ><img class=\"wp-image-3166 avia-img-lazy-loading-not-3166\"  data-avia-tooltip='Contes &#038; Spectacles' src='https:\/\/www.chateau-ludique.fr\/wp-content\/uploads\/2020\/08\/wsi-imageoptim-conteschateau.jpg' width='800' height='600'  title='contes+chateau' alt='' \/><\/a><\/div><\/div><\/p><\/div><div class=\"flex_column av_one_fifth  flex_column_div av-zero-column-padding   avia-builder-el-7  el_after_av_three_fifth  el_before_av_one_fifth  \" style='border-radius:0px; '><\/div><div class=\"flex_column av_one_fifth  flex_column_div first  avia-builder-el-8  el_after_av_one_fifth  el_before_av_three_fifth  column-top-margin\" ><\/div><div class=\"flex_column av_three_fifth  flex_column_div av-zero-column-padding   avia-builder-el-9  el_after_av_one_fifth  el_before_av_one_fifth  column-top-margin\" style='border-radius:0px; '><p><form action=\"https:\/\/www.chateau-ludique.fr\/\" method=\"post\"  class=\"avia_ajax_form av-form-labels-visible   avia-builder-el-10  el_before_av_textblock  avia-builder-el-first  av-custom-form-color av-light-form \" data-avia-form-id=\"1\" data-avia-redirect='' ><fieldset><p class='  first_form  form_element form_element_third' id='element_avia_1_1'><label for=\"avia_1_1\">Nom <abbr class=\"required\" title=\"requis\">*<\/abbr><\/label> <input name=\"avia_1_1\" class=\"text_input is_empty\" type=\"text\" id=\"avia_1_1\" value=\"\" \/><\/p><p class='  form_element form_element_third av-last-visible-form-element' id='element_avia_2_1'><label for=\"avia_2_1\">E-Mail <abbr class=\"required\" title=\"requis\">*<\/abbr><\/label> <input name=\"avia_2_1\" class=\"text_input is_email\" type=\"text\" id=\"avia_2_1\" value=\"\" \/><\/p><p class=\"hidden\"><input type=\"text\" name=\"avia_3_1\" class=\"hidden \" id=\"avia_3_1\" value=\"\" \/><\/p><p class=\"form_element form_element_third modified_width\"><input type=\"hidden\" value=\"1\" name=\"avia_generated_form1\" \/><input type=\"submit\" value=\"Tenez moi inform\u00e9 !\" class=\"button\"  data-sending-label=\"Envoi\"\/><\/p><\/fieldset><\/form><div id=\"ajaxresponse_1\" class=\"ajaxresponse ajaxresponse_1 hidden\"><\/div><br \/>\n<section class=\"av_textblock_section \"  itemscope=\"itemscope\" itemtype=\"https:\/\/schema.org\/CreativeWork\" ><div class='avia_textblock  av_inherit_color '  style='font-size:21px; color:#ffffff; '  itemprop=\"text\" ><p style=\"text-align: center;\">Pour aller plus loin :<\/p>\n<p style=\"text-align: center;\"><a href=\"http:\/\/www.soirees-enquetes.com\">Soir\u00e9es Enqu\u00eates &#038; Murder Party<\/a><\/p>\n<p style=\"text-align: center;\"><a href=\"https:\/\/www.sos-mysteres.fr\">Escape Game &#038; Murder Party<\/a><\/p>\n<\/div><\/section><\/p><\/div><div class=\"flex_column av_one_fifth  flex_column_div av-zero-column-padding   avia-builder-el-12  el_after_av_three_fifth  avia-builder-el-last  column-top-margin\" style='border-radius:0px; '><\/div><\/div><\/div><\/main><!-- close content main element --><\/div><\/div><\/div><div id='after_section_1'  class='main_color av_default_container_wrap container_wrap sidebar_right' style=' '  ><div class='container' ><div class='template-page content  av-content-small alpha units'><div class='post-entry post-entry-type-page post-entry-668'><div class='entry-content-wrapper clearfix'>\n","protected":false},"excerpt":{"rendered":"","protected":false},"author":1,"featured_media":0,"parent":629,"menu_order":0,"comment_status":"closed","ping_status":"closed","template":"template-blank.php","meta":[],"yst_prominent_words":[45,46,47],"_links":{"self":[{"href":"https:\/\/www.chateau-ludique.fr\/index.php\/wp-json\/wp\/v2\/pages\/668"}],"collection":[{"href":"https:\/\/www.chateau-ludique.fr\/index.php\/wp-json\/wp\/v2\/pages"}],"about":[{"href":"https:\/\/www.chateau-ludique.fr\/index.php\/wp-json\/wp\/v2\/types\/page"}],"author":[{"embeddable":true,"href":"https:\/\/www.chateau-ludique.fr\/index.php\/wp-json\/wp\/v2\/users\/1"}],"replies":[{"embeddable":true,"href":"https:\/\/www.chateau-ludique.fr\/index.php\/wp-json\/wp\/v2\/comments?post=668"}],"version-history":[{"count":11,"href":"https:\/\/www.chateau-ludique.fr\/index.php\/wp-json\/wp\/v2\/pages\/668\/revisions"}],"predecessor-version":[{"id":3168,"href":"https:\/\/www.chateau-ludique.fr\/index.php\/wp-json\/wp\/v2\/pages\/668\/revisions\/3168"}],"up":[{"embeddable":true,"href":"https:\/\/www.chateau-ludique.fr\/index.php\/wp-json\/wp\/v2\/pages\/629"}],"wp:attachment":[{"href":"https:\/\/www.chateau-ludique.fr\/index.php\/wp-json\/wp\/v2\/media?parent=668"}],"wp:term":[{"taxonomy":"yst_prominent_words","embeddable":true,"href":"https:\/\/www.chateau-ludique.fr\/index.php\/wp-json\/wp\/v2\/yst_prominent_words?post=668"}],"curies":[{"name":"wp","href":"https:\/\/api.w.org\/{rel}","templated":true}]}}